{"id":210,"date":"2024-06-01T12:19:15","date_gmt":"2024-06-01T10:19:15","guid":{"rendered":"https:\/\/cmovgr.com\/grvenissieux@gmail.com\/?page_id=210"},"modified":"2024-06-22T09:31:45","modified_gmt":"2024-06-22T07:31:45","slug":"saison-2024-2025-groupes-tarifs-et-inscriptions","status":"publish","type":"page","link":"https:\/\/cmovgr.com\/grvenissieux@gmail.com\/index.php\/saison-2024-2025-groupes-tarifs-et-inscriptions\/","title":{"rendered":"Saison 2024-2025 : groupes, tarifs et inscriptions"},"content":{"rendered":"\n<p>Vous trouverez ci-dessous le planning et les tarifs de nos cours \u00e0 partir de septembre 2024.<\/p>\n\n\n\n<p>Tous les entrainements se d\u00e9roulent au gymnase Alain Colas, 7 avenue Jean Moulin 69200 V\u00e9nissieux (arr\u00eat de bus 39 : gymnase Alain Colas).<\/p>\n\n\n\n<p>Vous trouverez ci-dessous le lien vers le formulaire d&rsquo;inscription.<\/p>\n\n\n\n<p><strong><a href=\"https:\/\/www.gestgym.com\/public\/inscription\/add\/69-cmovenissieux-gr-LCPkn8yS5cd.html\" target=\"_blank\" rel=\"noreferrer noopener\">https:\/\/www.gestgym.com\/app\/inscription\/add\/69-cmovenissieux-gr-LCPkn8yS5cd.html<\/a><\/strong><\/p>\n\n\n\n<p>Pour rappel, nous serons pr\u00e9sents pour vous rencontrer :<\/p>\n\n\n\n<ul class=\"wp-block-list\">\n<li>au gymnase le lundi 03 juin de 16h30 \u00e0 19h pour un cours d&rsquo;essai<\/li>\n\n\n\n<li>au gymnase le mercredi 26 juin de 16h30 \u00e0 18h<\/li>\n\n\n\n<li>au gymnase lors de la r\u00e9p\u00e9tition g\u00e9n\u00e9rale du gala de fin d&rsquo;ann\u00e9e le samedi 29 juin 2024 de 10h \u00e0 12h<\/li>\n\n\n\n<li>lors du forum des associations, salle Ir\u00e8ne Joliot Curie, le 7 septembre 2024 de 10h \u00e0 17h30.<\/li>\n<\/ul>\n\n\n\n<p>En dehors de ces horaires, vous pouvez nous contacter : <a href=\"mailto:grvenissieux@gmail.com\">grvenissieux@gmail.com<\/a><\/p>\n\n\n\n<figure class=\"wp-block-gallery has-nested-images columns-default is-cropped wp-block-gallery-1 is-layout-flex wp-block-gallery-is-layout-flex\">\n<figure class=\"wp-block-image size-large\"><img loading=\"lazy\" decoding=\"async\" width=\"1024\" height=\"724\" data-id=\"254\" src=\"https:\/\/cmovgr.com\/grvenissieux@gmail.com\/wp-content\/uploads\/2024\/06\/Tarif-CMOV-GR-babys_loisirs-3-1024x724.jpg\" alt=\"\" class=\"wp-image-254\" srcset=\"https:\/\/cmovgr.com\/grvenissieux@gmail.com\/wp-content\/uploads\/2024\/06\/Tarif-CMOV-GR-babys_loisirs-3-1024x724.jpg 1024w, https:\/\/cmovgr.com\/grvenissieux@gmail.com\/wp-content\/uploads\/2024\/06\/Tarif-CMOV-GR-babys_loisirs-3-300x212.jpg 300w, https:\/\/cmovgr.com\/grvenissieux@gmail.com\/wp-content\/uploads\/2024\/06\/Tarif-CMOV-GR-babys_loisirs-3-150x106.jpg 150w, https:\/\/cmovgr.com\/grvenissieux@gmail.com\/wp-content\/uploads\/2024\/06\/Tarif-CMOV-GR-babys_loisirs-3-768x543.jpg 768w, https:\/\/cmovgr.com\/grvenissieux@gmail.com\/wp-content\/uploads\/2024\/06\/Tarif-CMOV-GR-babys_loisirs-3-1536x1086.jpg 1536w, https:\/\/cmovgr.com\/grvenissieux@gmail.com\/wp-content\/uploads\/2024\/06\/Tarif-CMOV-GR-babys_loisirs-3-600x424.jpg 600w, https:\/\/cmovgr.com\/grvenissieux@gmail.com\/wp-content\/uploads\/2024\/06\/Tarif-CMOV-GR-babys_loisirs-3.jpg 2000w\" sizes=\"auto, (max-width: 1024px) 100vw, 1024px\" \/><\/figure>\n<\/figure>\n\n\n\n<figure class=\"wp-block-image size-large\"><img loading=\"lazy\" decoding=\"async\" width=\"1024\" height=\"724\" src=\"http:\/\/cmovgr.com\/grvenissieux@gmail.com\/wp-content\/uploads\/2024\/06\/Tarif-CMOV-GR-competition-2-1024x724.jpg\" alt=\"\" class=\"wp-image-255\" srcset=\"https:\/\/cmovgr.com\/grvenissieux@gmail.com\/wp-content\/uploads\/2024\/06\/Tarif-CMOV-GR-competition-2-1024x724.jpg 1024w, https:\/\/cmovgr.com\/grvenissieux@gmail.com\/wp-content\/uploads\/2024\/06\/Tarif-CMOV-GR-competition-2-300x212.jpg 300w, https:\/\/cmovgr.com\/grvenissieux@gmail.com\/wp-content\/uploads\/2024\/06\/Tarif-CMOV-GR-competition-2-150x106.jpg 150w, https:\/\/cmovgr.com\/grvenissieux@gmail.com\/wp-content\/uploads\/2024\/06\/Tarif-CMOV-GR-competition-2-768x543.jpg 768w, https:\/\/cmovgr.com\/grvenissieux@gmail.com\/wp-content\/uploads\/2024\/06\/Tarif-CMOV-GR-competition-2-1536x1086.jpg 1536w, https:\/\/cmovgr.com\/grvenissieux@gmail.com\/wp-content\/uploads\/2024\/06\/Tarif-CMOV-GR-competition-2-600x424.jpg 600w, https:\/\/cmovgr.com\/grvenissieux@gmail.com\/wp-content\/uploads\/2024\/06\/Tarif-CMOV-GR-competition-2.jpg 2000w\" sizes=\"auto, (max-width: 1024px) 100vw, 1024px\" \/><\/figure>\n","protected":false},"excerpt":{"rendered":"<p>Vous trouverez ci-dessous le planning et les tarifs de nos cours \u00e0 partir de septembre 2024. Tous les entrainements se d\u00e9roulent au gymnase Alain Colas, 7 avenue Jean Moulin 69200 V\u00e9nissieux (arr\u00eat de bus 39 : gymnase Alain Colas). Vous trouverez ci-dessous le lien vers le formulaire d&rsquo;inscription. https:\/\/www.gestgym.com\/app\/inscription\/add\/69-cmovenissieux-gr-LCPkn8yS5cd.html Pour rappel, nous serons pr\u00e9sents pour &hellip; <\/p>\n<p class=\"link-more\"><a href=\"https:\/\/cmovgr.com\/grvenissieux@gmail.com\/index.php\/saison-2024-2025-groupes-tarifs-et-inscriptions\/\" class=\"more-link\">Lire la suite de<span class=\"screen-reader-text\">\u00ab\u00a0Saison 2024-2025 : groupes, tarifs et inscriptions\u00a0\u00bb<\/span><\/a><\/p>\n","protected":false},"author":1,"featured_media":0,"parent":0,"menu_order":0,"comment_status":"closed","ping_status":"closed","template":"","meta":{"footnotes":""},"class_list":["post-210","page","type-page","status-publish","hentry"],"featured_media_urls":[],"_links":{"self":[{"href":"https:\/\/cmovgr.com\/grvenissieux@gmail.com\/index.php\/wp-json\/wp\/v2\/pages\/210","targetHints":{"allow":["GET"]}}],"collection":[{"href":"https:\/\/cmovgr.com\/grvenissieux@gmail.com\/index.php\/wp-json\/wp\/v2\/pages"}],"about":[{"href":"https:\/\/cmovgr.com\/grvenissieux@gmail.com\/index.php\/wp-json\/wp\/v2\/types\/page"}],"author":[{"embeddable":true,"href":"https:\/\/cmovgr.com\/grvenissieux@gmail.com\/index.php\/wp-json\/wp\/v2\/users\/1"}],"replies":[{"embeddable":true,"href":"https:\/\/cmovgr.com\/grvenissieux@gmail.com\/index.php\/wp-json\/wp\/v2\/comments?post=210"}],"version-history":[{"count":3,"href":"https:\/\/cmovgr.com\/grvenissieux@gmail.com\/index.php\/wp-json\/wp\/v2\/pages\/210\/revisions"}],"predecessor-version":[{"id":257,"href":"https:\/\/cmovgr.com\/grvenissieux@gmail.com\/index.php\/wp-json\/wp\/v2\/pages\/210\/revisions\/257"}],"wp:attachment":[{"href":"https:\/\/cmovgr.com\/grvenissieux@gmail.com\/index.php\/wp-json\/wp\/v2\/media?parent=210"}],"curies":[{"name":"wp","href":"https:\/\/api.w.org\/{rel}","templated":true}]}}