{"id":31,"date":"2023-02-26T08:39:53","date_gmt":"2023-02-26T07:39:53","guid":{"rendered":"http:\/\/cmovgr.com\/grvenissieux@gmail.com\/?page_id=31"},"modified":"2025-10-09T11:49:11","modified_gmt":"2025-10-09T09:49:11","slug":"presentation-du-club","status":"publish","type":"page","link":"https:\/\/cmovgr.com\/grvenissieux@gmail.com\/index.php\/presentation-du-club\/","title":{"rendered":"Pr\u00e9sentation du Club"},"content":{"rendered":"\n<p>Le CMOV GR , association sous loi 1901, fond\u00e9 en 1976 est affili\u00e9&nbsp; \u00e0 la F\u00e9d\u00e9ration Fran\u00e7aise de Gymnastique et poss\u00e8de l&rsquo;agr\u00e9ment jeunesse et sport.<\/p>\n\n\n\n<figure class=\"wp-block-image size-full is-resized\"><img loading=\"lazy\" decoding=\"async\" width=\"800\" height=\"393\" src=\"http:\/\/cmovgr.com\/grvenissieux@gmail.com\/wp-content\/uploads\/2023\/02\/Federation_francaise_Gymnastique_logo_2013.png\" alt=\"\" class=\"wp-image-13\" style=\"aspect-ratio:2.0320855614973263;width:297px;height:auto\" srcset=\"https:\/\/cmovgr.com\/grvenissieux@gmail.com\/wp-content\/uploads\/2023\/02\/Federation_francaise_Gymnastique_logo_2013.png 800w, https:\/\/cmovgr.com\/grvenissieux@gmail.com\/wp-content\/uploads\/2023\/02\/Federation_francaise_Gymnastique_logo_2013-300x147.png 300w, https:\/\/cmovgr.com\/grvenissieux@gmail.com\/wp-content\/uploads\/2023\/02\/Federation_francaise_Gymnastique_logo_2013-768x377.png 768w\" sizes=\"auto, (max-width: 800px) 100vw, 800px\" \/><\/figure>\n\n\n\n<p>Depuis ses d\u00e9buts, il fait parti des clubs pr\u00e9curseurs en mati\u00e8re de Gymnastique Rythmique en France, \u00e9tant anciennement le p\u00f4le de l\u2019\u00e9quipe de France.<\/p>\n\n\n\n<p>La qualit\u00e9 du travail des encadrants a \u00e9t\u00e9 reconnu par la Ville de V\u00e9nissieux qui nous a d\u00e9cern\u00e9 le label \u00ab\u00a0\u00c9cole de Sport\u00a0\u00bb.<\/p>\n\n\n\n<figure class=\"wp-block-image size-medium is-resized\"><img loading=\"lazy\" decoding=\"async\" width=\"294\" height=\"300\" src=\"http:\/\/cmovgr.com\/grvenissieux@gmail.com\/wp-content\/uploads\/2023\/02\/logo-ecole-de-sport-1-294x300.jpg\" alt=\"\" class=\"wp-image-15\" style=\"aspect-ratio:0.9822222222222222;width:165px;height:auto\" srcset=\"https:\/\/cmovgr.com\/grvenissieux@gmail.com\/wp-content\/uploads\/2023\/02\/logo-ecole-de-sport-1-294x300.jpg 294w, https:\/\/cmovgr.com\/grvenissieux@gmail.com\/wp-content\/uploads\/2023\/02\/logo-ecole-de-sport-1-1004x1024.jpg 1004w, https:\/\/cmovgr.com\/grvenissieux@gmail.com\/wp-content\/uploads\/2023\/02\/logo-ecole-de-sport-1-768x783.jpg 768w, https:\/\/cmovgr.com\/grvenissieux@gmail.com\/wp-content\/uploads\/2023\/02\/logo-ecole-de-sport-1.jpg 1479w\" sizes=\"auto, (max-width: 294px) 100vw, 294px\" \/><\/figure>\n\n\n\n<p>Les entra\u00eenements ont lieu au gymnase Alain Colas qui b\u00e9n\u00e9ficie d&rsquo;une salle sp\u00e9ciale GR et d&rsquo;un gymnase multisport.<\/p>\n\n\n\n<p>Les cours sont dispens\u00e9s par 1 entra\u00eeneur dipl\u00f4m\u00e9, assist\u00e9 d&rsquo;animateurs et de b\u00e9n\u00e9voles. Tous les membres de l&rsquo;encadrement sont form\u00e9s r\u00e9guli\u00e8rement par les organismes de la FFG.<\/p>\n\n\n\n<p>Nous accueillons des gymnastes \u00e0 partir de 3 ans dans les cat\u00e9gories suivantes&nbsp;:<\/p>\n\n\n\n<ul class=\"wp-block-list\">\n<li>de 3 \u00e0 6 ans&nbsp;: Babys Gym<\/li>\n\n\n\n<li>\u00e0 partir de 6 ans&nbsp;: Loisirs (1 entra\u00eenement par semaine)<\/li>\n\n\n\n<li>\u00e0 partir de 6 ans&nbsp;: Comp\u00e9tition (de 1 \u00e0 4 entra\u00eenements par semaine + stage)<\/li>\n<\/ul>\n\n\n\n<p>Des comp\u00e9titions individuelles sont propos\u00e9es \u00e0 certaines gymnastes d&rsquo;octobre \u00e0 janvier. Puis de f\u00e9vrier \u00e0 juin, les gymnastes engag\u00e9es en \u00e9quipe participent \u00e0 des comp\u00e9titions des diff\u00e9rents niveaux (Open, Coupe de Niveau, D\u00e9partemental, F\u00e9d\u00e9ral et National).<\/p>\n\n\n\n<p>Pour les cat\u00e9gories \u00ab\u00a0hors comp\u00e9tition\u00a0\u00bb, deux galas sont organis\u00e9s aux alentours d\u00e9cembre et  juin afin de pr\u00e9senter leur travail aux autres membres du club ainsi qu&rsquo;\u00e0 leur famille.<\/p>\n\n\n\n<p><\/p>\n\n\n\n<p>Voici nos entra\u00eeneurs, toutes encore gymnastes ! Elles sont motiv\u00e9es \u00e0 partager leur passion pour la Gymnastique Rythmique aux plus jeunes et faire \u00e9voluer les gymnastes de mani\u00e8re innovantes et ludiques. N\u2019h\u00e9sitez pas \u00e0 venir \u00e0 leur rencontre lors des diff\u00e9rents cours ! <\/p>\n\n\n\n<figure class=\"wp-block-gallery has-nested-images columns-default is-cropped wp-block-gallery-1 is-layout-flex wp-block-gallery-is-layout-flex\">\n<figure class=\"wp-block-image size-large is-style-rounded\"><img loading=\"lazy\" decoding=\"async\" width=\"1024\" height=\"1020\" data-id=\"238\" src=\"https:\/\/cmovgr.com\/grvenissieux@gmail.com\/wp-content\/uploads\/2024\/06\/image0-1024x1020.jpeg\" alt=\"Staff_CMOVGR_2024\" class=\"wp-image-238\" srcset=\"https:\/\/cmovgr.com\/grvenissieux@gmail.com\/wp-content\/uploads\/2024\/06\/image0-1024x1020.jpeg 1024w, https:\/\/cmovgr.com\/grvenissieux@gmail.com\/wp-content\/uploads\/2024\/06\/image0-300x300.jpeg 300w, https:\/\/cmovgr.com\/grvenissieux@gmail.com\/wp-content\/uploads\/2024\/06\/image0-150x150.jpeg 150w, https:\/\/cmovgr.com\/grvenissieux@gmail.com\/wp-content\/uploads\/2024\/06\/image0-768x765.jpeg 768w, https:\/\/cmovgr.com\/grvenissieux@gmail.com\/wp-content\/uploads\/2024\/06\/image0-600x598.jpeg 600w, https:\/\/cmovgr.com\/grvenissieux@gmail.com\/wp-content\/uploads\/2024\/06\/image0.jpeg 1170w\" sizes=\"auto, (max-width: 1024px) 100vw, 1024px\" \/><\/figure>\n<\/figure>\n","protected":false},"excerpt":{"rendered":"<p>Le CMOV GR , association sous loi 1901, fond\u00e9 en 1976 est affili\u00e9&nbsp; \u00e0 la F\u00e9d\u00e9ration Fran\u00e7aise de Gymnastique et poss\u00e8de l&rsquo;agr\u00e9ment jeunesse et sport. Depuis ses d\u00e9buts, il fait parti des clubs pr\u00e9curseurs en mati\u00e8re de Gymnastique Rythmique en France, \u00e9tant anciennement le p\u00f4le de l\u2019\u00e9quipe de France. La qualit\u00e9 du travail des encadrants &hellip; <\/p>\n<p class=\"link-more\"><a href=\"https:\/\/cmovgr.com\/grvenissieux@gmail.com\/index.php\/presentation-du-club\/\" class=\"more-link\">Lire la suite de<span class=\"screen-reader-text\">\u00ab\u00a0Pr\u00e9sentation du Club\u00a0\u00bb<\/span><\/a><\/p>\n","protected":false},"author":1,"featured_media":0,"parent":0,"menu_order":0,"comment_status":"closed","ping_status":"closed","template":"","meta":{"footnotes":""},"class_list":["post-31","page","type-page","status-publish","hentry"],"featured_media_urls":[],"_links":{"self":[{"href":"https:\/\/cmovgr.com\/grvenissieux@gmail.com\/index.php\/wp-json\/wp\/v2\/pages\/31","targetHints":{"allow":["GET"]}}],"collection":[{"href":"https:\/\/cmovgr.com\/grvenissieux@gmail.com\/index.php\/wp-json\/wp\/v2\/pages"}],"about":[{"href":"https:\/\/cmovgr.com\/grvenissieux@gmail.com\/index.php\/wp-json\/wp\/v2\/types\/page"}],"author":[{"embeddable":true,"href":"https:\/\/cmovgr.com\/grvenissieux@gmail.com\/index.php\/wp-json\/wp\/v2\/users\/1"}],"replies":[{"embeddable":true,"href":"https:\/\/cmovgr.com\/grvenissieux@gmail.com\/index.php\/wp-json\/wp\/v2\/comments?post=31"}],"version-history":[{"count":6,"href":"https:\/\/cmovgr.com\/grvenissieux@gmail.com\/index.php\/wp-json\/wp\/v2\/pages\/31\/revisions"}],"predecessor-version":[{"id":447,"href":"https:\/\/cmovgr.com\/grvenissieux@gmail.com\/index.php\/wp-json\/wp\/v2\/pages\/31\/revisions\/447"}],"wp:attachment":[{"href":"https:\/\/cmovgr.com\/grvenissieux@gmail.com\/index.php\/wp-json\/wp\/v2\/media?parent=31"}],"curies":[{"name":"wp","href":"https:\/\/api.w.org\/{rel}","templated":true}]}}