{"id":36,"date":"2023-02-26T08:44:22","date_gmt":"2023-02-26T07:44:22","guid":{"rendered":"http:\/\/cmovgr.com\/grvenissieux@gmail.com\/?page_id=36"},"modified":"2023-02-26T08:44:22","modified_gmt":"2023-02-26T07:44:22","slug":"nos-valeurs","status":"publish","type":"page","link":"https:\/\/cmovgr.com\/grvenissieux@gmail.com\/index.php\/nos-valeurs\/","title":{"rendered":"Nos valeurs"},"content":{"rendered":"\n<p>Nos valeurs nous poussent \u00e0 d\u00e9velopper les axes suivants&nbsp;:<\/p>\n\n\n\n<div class=\"wp-block-group\"><div class=\"wp-block-group__inner-container is-layout-constrained wp-block-group-is-layout-constrained\">\n<p><strong><em><u>&#8211; Encourager et d\u00e9velopper l\u2019activit\u00e9 Loisirs<\/u><\/em><\/strong><\/p>\n\n\n\n<p>Dans le contexte social actuel, le club s\u2019attache particuli\u00e8rement \u00e0 ouvrir la pratique de la GR \u00e0 un maximum de jeunes filles et ce d\u00e8s 3 ans.<\/p>\n\n\n\n<p>Les cat\u00e9gories Babys, bien entendu, reste un moyen d&rsquo;acc\u00e8s \u00e9vident pour d\u00e9couvrir le monde de \u00ab&nbsp;l&rsquo;activit\u00e9 physique&nbsp;\u00bb mais nous nous ouvrons \u00e0 tous les \u00e2ges et accueillons des gymnastes dans toutes les cat\u00e9gories.<\/p>\n\n\n\n<p>Le sport \u00e9tant un \u00e9l\u00e9ment important du d\u00e9veloppement de l&rsquo;enfant et de l&rsquo;adolescent, il nous appara\u00eet important d&rsquo;ouvrir des sections loisirs afin de proposer une activit\u00e9 physique r\u00e9guli\u00e8re et encadr\u00e9e.<\/p>\n<\/div><\/div>\n\n\n\n<div class=\"wp-block-group\"><div class=\"wp-block-group__inner-container is-layout-constrained wp-block-group-is-layout-constrained\">\n<p><strong><em><u>&#8211; Encourager la pratique de la GR en comp\u00e9titions<\/u><\/em><\/strong><\/p>\n\n\n\n<p>Par le biais des sections loisirs, et notamment le groupe \u00ab&nbsp;Coupe Formation&nbsp;\u00bb, le club s\u2019attache \u00e9galement \u00e0 encourager les jeunes gymnastes, si elles le d\u00e9sirent, \u00e0 participer aux comp\u00e9titions. Cette cat\u00e9gorie permet d\u2019acc\u00e9der \u00e0 la comp\u00e9tition individuelle.<\/p>\n\n\n\n<p>Pour les gymnastes d\u00e9j\u00e0 en comp\u00e9tition et suivant leur cat\u00e9gorie, le club met en place un parcours leur permettant d&rsquo;acc\u00e9der \u00e0 diff\u00e9rents niveaux (du d\u00e9partement au national).<\/p>\n<\/div><\/div>\n\n\n\n<div class=\"wp-block-group\"><div class=\"wp-block-group__inner-container is-layout-constrained wp-block-group-is-layout-constrained\">\n<p><strong><em><u>&#8211; Proposer une pratique de qualit\u00e9<\/u><\/em><\/strong><\/p>\n\n\n\n<p>Par le biais des formations de l&rsquo;\u00e9quipe d&rsquo;encadrement (entra\u00eeneurs, des animateurs, des aide-animateurs et des b\u00e9n\u00e9voles) et par la proposition d&rsquo;une salle sp\u00e9cialis\u00e9e.<\/p>\n<\/div><\/div>\n\n\n\n<div class=\"wp-block-group\"><div class=\"wp-block-group__inner-container is-layout-constrained wp-block-group-is-layout-constrained\">\n<p><strong><em><u>&#8211; D\u00e9velopper l&rsquo;autonomie des gymnastes<\/u><\/em><\/strong><\/p>\n\n\n\n<p>D\u00e9velopper, chez les gymnastes, le sens du travail en autonomie afin de pouvoir trouver un \u00e9quilibre dans le temps accord\u00e9 \u00e0 chacune. Cela passe par des consignes claires et adapt\u00e9es \u00e0 l&rsquo;\u00e2ge de chacune et par des objectifs personnalis\u00e9s \u00e0 atteindre.<\/p>\n<\/div><\/div>\n\n\n\n<div class=\"wp-block-group\"><div class=\"wp-block-group__inner-container is-layout-constrained wp-block-group-is-layout-constrained\">\n<p><strong><em><u>&#8211; D\u00e9velopper un esprit de solidarit\u00e9<\/u><\/em><\/strong><\/p>\n\n\n\n<div class=\"wp-block-group\"><div class=\"wp-block-group__inner-container is-layout-constrained wp-block-group-is-layout-constrained\">\n<p>Cet esprit de solidarit\u00e9 passe&nbsp;:<\/p>\n\n\n\n<ul class=\"wp-block-list\">\n<li>par le b\u00e9n\u00e9volat des familles&nbsp;: dans l&rsquo;organisation des \u00e9v\u00e9nements organis\u00e9s par le club et dans la vie du club, tout au long de l&rsquo;ann\u00e9e (co-voiturage par exemple)<\/li>\n\n\n\n<li>par la solidarit\u00e9 entre gymnastes&nbsp;: afin de se soutenir dans les joies comme dans les d\u00e9ceptions et apprendre \u00e0 tirer le meilleur de chaque situation.<\/li>\n<\/ul>\n<\/div><\/div>\n<\/div><\/div>\n\n\n\n<p>Tout ceci participe \u00e0 une ambiance de travail studieuse et sereine.<\/p>\n\n\n\n<p><\/p>\n\n\n\n<div class=\"wp-block-group\"><div class=\"wp-block-group__inner-container is-layout-constrained wp-block-group-is-layout-constrained\">\n<p>Toutes ces valeurs sont en lien avec les valeurs pron\u00e9es par la FFGym&nbsp;:<\/p>\n\n\n\n<p>&#8211; Respect&nbsp;: des autres, des r\u00e8gles sportives, de l\u2019environnement<\/p>\n\n\n\n<p>&#8211; Engagement&nbsp;: le go\u00fbt de l\u2019effort et donner son maximum<\/p>\n\n\n\n<p>&#8211; Solidarit\u00e9&nbsp;: Collaborer avec son groupe<\/p>\n\n\n\n<p>&#8211; Excellence&nbsp;: Rechercher la perfection et la beaut\u00e9 du geste, \u00e9quilibrer et r\u00e9\u00e9quilibrer son corps en permanence<\/p>\n\n\n\n<p>&#8211; Responsabilit\u00e9&nbsp;: Assumer sa pr\u00e9sentation, accepter d\u2019\u00eatre jug\u00e9 par les autres<\/p>\n\n\n\n<p>&#8211; Plaisir&nbsp;: Pratiquer par plaisir, et pour le plaisir.<\/p>\n<\/div><\/div>\n\n\n\n<p><\/p>\n","protected":false},"excerpt":{"rendered":"<p>Nos valeurs nous poussent \u00e0 d\u00e9velopper les axes suivants&nbsp;: &#8211; Encourager et d\u00e9velopper l\u2019activit\u00e9 Loisirs Dans le contexte social actuel, le club s\u2019attache particuli\u00e8rement \u00e0 ouvrir la pratique de la GR \u00e0 un maximum de jeunes filles et ce d\u00e8s 3 ans. Les cat\u00e9gories Babys, bien entendu, reste un moyen d&rsquo;acc\u00e8s \u00e9vident pour d\u00e9couvrir le &hellip; <\/p>\n<p class=\"link-more\"><a href=\"https:\/\/cmovgr.com\/grvenissieux@gmail.com\/index.php\/nos-valeurs\/\" class=\"more-link\">Lire la suite de<span class=\"screen-reader-text\">\u00ab\u00a0Nos valeurs\u00a0\u00bb<\/span><\/a><\/p>\n","protected":false},"author":1,"featured_media":0,"parent":0,"menu_order":0,"comment_status":"closed","ping_status":"closed","template":"","meta":{"footnotes":""},"class_list":["post-36","page","type-page","status-publish","hentry"],"featured_media_urls":[],"_links":{"self":[{"href":"https:\/\/cmovgr.com\/grvenissieux@gmail.com\/index.php\/wp-json\/wp\/v2\/pages\/36","targetHints":{"allow":["GET"]}}],"collection":[{"href":"https:\/\/cmovgr.com\/grvenissieux@gmail.com\/index.php\/wp-json\/wp\/v2\/pages"}],"about":[{"href":"https:\/\/cmovgr.com\/grvenissieux@gmail.com\/index.php\/wp-json\/wp\/v2\/types\/page"}],"author":[{"embeddable":true,"href":"https:\/\/cmovgr.com\/grvenissieux@gmail.com\/index.php\/wp-json\/wp\/v2\/users\/1"}],"replies":[{"embeddable":true,"href":"https:\/\/cmovgr.com\/grvenissieux@gmail.com\/index.php\/wp-json\/wp\/v2\/comments?post=36"}],"version-history":[{"count":1,"href":"https:\/\/cmovgr.com\/grvenissieux@gmail.com\/index.php\/wp-json\/wp\/v2\/pages\/36\/revisions"}],"predecessor-version":[{"id":37,"href":"https:\/\/cmovgr.com\/grvenissieux@gmail.com\/index.php\/wp-json\/wp\/v2\/pages\/36\/revisions\/37"}],"wp:attachment":[{"href":"https:\/\/cmovgr.com\/grvenissieux@gmail.com\/index.php\/wp-json\/wp\/v2\/media?parent=36"}],"curies":[{"name":"wp","href":"https:\/\/api.w.org\/{rel}","templated":true}]}}