{"id":38,"date":"2023-02-26T08:53:29","date_gmt":"2023-02-26T07:53:29","guid":{"rendered":"http:\/\/cmovgr.com\/grvenissieux@gmail.com\/?page_id=38"},"modified":"2025-10-09T11:51:36","modified_gmt":"2025-10-09T09:51:36","slug":"nos-installations","status":"publish","type":"page","link":"https:\/\/cmovgr.com\/grvenissieux@gmail.com\/index.php\/nos-installations\/","title":{"rendered":"Nos installations"},"content":{"rendered":"\n<p>Tous les cours ont lieu au gymnase Alain Colas, 7 avenue Jean Moulin 69200 V\u00e9nissieux.<\/p>\n\n\n\n<div class=\"wp-block-group\"><div class=\"wp-block-group__inner-container is-layout-constrained wp-block-group-is-layout-constrained\">\n<p>La Ville de V\u00e9nissieux met \u00e0 notre disposition deux salles :<\/p>\n\n\n\n<ul class=\"wp-block-list\">\n<li>une salle sp\u00e9cialis\u00e9e GR avec un praticable fixe, des miroirs et des barres de danse<\/li>\n\n\n\n<li>un gymnase partag\u00e9 avec des praticables amovibles.<\/li>\n<\/ul>\n<\/div><\/div>\n\n\n\n<p>Tout le mat\u00e9riel et les engins sont stock\u00e9s au gymnase.<\/p>\n\n\n\n<p>Pour les groupes de Babys, nous mettons en place du mat\u00e9riel afin de cr\u00e9er des parcours et permettre de pratiquer la gymnastique sous forme de jeux tout en \u00e9veillant leur motricit\u00e9.<\/p>\n\n\n\n<figure class=\"wp-block-gallery has-nested-images columns-default is-cropped wp-block-gallery-1 is-layout-flex wp-block-gallery-is-layout-flex\">\n<figure class=\"wp-block-image size-large\"><img loading=\"lazy\" decoding=\"async\" width=\"1024\" height=\"768\" data-id=\"10\" src=\"http:\/\/cmovgr.com\/grvenissieux@gmail.com\/wp-content\/uploads\/2023\/02\/IMG_20210623_132427-1024x768.jpg\" alt=\"\" class=\"wp-image-10\" srcset=\"https:\/\/cmovgr.com\/grvenissieux@gmail.com\/wp-content\/uploads\/2023\/02\/IMG_20210623_132427-1024x768.jpg 1024w, https:\/\/cmovgr.com\/grvenissieux@gmail.com\/wp-content\/uploads\/2023\/02\/IMG_20210623_132427-300x225.jpg 300w, https:\/\/cmovgr.com\/grvenissieux@gmail.com\/wp-content\/uploads\/2023\/02\/IMG_20210623_132427-768x576.jpg 768w, https:\/\/cmovgr.com\/grvenissieux@gmail.com\/wp-content\/uploads\/2023\/02\/IMG_20210623_132427-1536x1152.jpg 1536w, https:\/\/cmovgr.com\/grvenissieux@gmail.com\/wp-content\/uploads\/2023\/02\/IMG_20210623_132427-2048x1536.jpg 2048w\" sizes=\"auto, (max-width: 1024px) 100vw, 1024px\" \/><\/figure>\n\n\n\n<figure class=\"wp-block-image size-large\"><img loading=\"lazy\" decoding=\"async\" width=\"1024\" height=\"768\" data-id=\"9\" src=\"http:\/\/cmovgr.com\/grvenissieux@gmail.com\/wp-content\/uploads\/2023\/02\/IMG_20210623_132408-1024x768.jpg\" alt=\"\" class=\"wp-image-9\" srcset=\"https:\/\/cmovgr.com\/grvenissieux@gmail.com\/wp-content\/uploads\/2023\/02\/IMG_20210623_132408-1024x768.jpg 1024w, https:\/\/cmovgr.com\/grvenissieux@gmail.com\/wp-content\/uploads\/2023\/02\/IMG_20210623_132408-300x225.jpg 300w, https:\/\/cmovgr.com\/grvenissieux@gmail.com\/wp-content\/uploads\/2023\/02\/IMG_20210623_132408-768x576.jpg 768w, https:\/\/cmovgr.com\/grvenissieux@gmail.com\/wp-content\/uploads\/2023\/02\/IMG_20210623_132408-1536x1152.jpg 1536w, https:\/\/cmovgr.com\/grvenissieux@gmail.com\/wp-content\/uploads\/2023\/02\/IMG_20210623_132408-2048x1536.jpg 2048w\" sizes=\"auto, (max-width: 1024px) 100vw, 1024px\" \/><\/figure>\n\n\n\n<figure class=\"wp-block-image size-large\"><img loading=\"lazy\" decoding=\"async\" width=\"1024\" height=\"768\" data-id=\"8\" src=\"http:\/\/cmovgr.com\/grvenissieux@gmail.com\/wp-content\/uploads\/2023\/02\/IMG_20210623_132350-1024x768.jpg\" alt=\"Parcours babys CMOV GR\" class=\"wp-image-8\" srcset=\"https:\/\/cmovgr.com\/grvenissieux@gmail.com\/wp-content\/uploads\/2023\/02\/IMG_20210623_132350-1024x768.jpg 1024w, https:\/\/cmovgr.com\/grvenissieux@gmail.com\/wp-content\/uploads\/2023\/02\/IMG_20210623_132350-300x225.jpg 300w, https:\/\/cmovgr.com\/grvenissieux@gmail.com\/wp-content\/uploads\/2023\/02\/IMG_20210623_132350-768x576.jpg 768w, https:\/\/cmovgr.com\/grvenissieux@gmail.com\/wp-content\/uploads\/2023\/02\/IMG_20210623_132350-1536x1152.jpg 1536w, https:\/\/cmovgr.com\/grvenissieux@gmail.com\/wp-content\/uploads\/2023\/02\/IMG_20210623_132350-2048x1536.jpg 2048w\" sizes=\"auto, (max-width: 1024px) 100vw, 1024px\" \/><\/figure>\n<\/figure>\n\n\n\n<p><\/p>\n","protected":false},"excerpt":{"rendered":"<p>Tous les cours ont lieu au gymnase Alain Colas, 7 avenue Jean Moulin 69200 V\u00e9nissieux. La Ville de V\u00e9nissieux met \u00e0 notre disposition deux salles : Tout le mat\u00e9riel et les engins sont stock\u00e9s au gymnase. Pour les groupes de Babys, nous mettons en place du mat\u00e9riel afin de cr\u00e9er des parcours et permettre de &hellip; <\/p>\n<p class=\"link-more\"><a href=\"https:\/\/cmovgr.com\/grvenissieux@gmail.com\/index.php\/nos-installations\/\" class=\"more-link\">Lire la suite de<span class=\"screen-reader-text\">\u00ab\u00a0Nos installations\u00a0\u00bb<\/span><\/a><\/p>\n","protected":false},"author":1,"featured_media":0,"parent":0,"menu_order":0,"comment_status":"closed","ping_status":"closed","template":"","meta":{"footnotes":""},"class_list":["post-38","page","type-page","status-publish","hentry"],"featured_media_urls":[],"_links":{"self":[{"href":"https:\/\/cmovgr.com\/grvenissieux@gmail.com\/index.php\/wp-json\/wp\/v2\/pages\/38","targetHints":{"allow":["GET"]}}],"collection":[{"href":"https:\/\/cmovgr.com\/grvenissieux@gmail.com\/index.php\/wp-json\/wp\/v2\/pages"}],"about":[{"href":"https:\/\/cmovgr.com\/grvenissieux@gmail.com\/index.php\/wp-json\/wp\/v2\/types\/page"}],"author":[{"embeddable":true,"href":"https:\/\/cmovgr.com\/grvenissieux@gmail.com\/index.php\/wp-json\/wp\/v2\/users\/1"}],"replies":[{"embeddable":true,"href":"https:\/\/cmovgr.com\/grvenissieux@gmail.com\/index.php\/wp-json\/wp\/v2\/comments?post=38"}],"version-history":[{"count":3,"href":"https:\/\/cmovgr.com\/grvenissieux@gmail.com\/index.php\/wp-json\/wp\/v2\/pages\/38\/revisions"}],"predecessor-version":[{"id":449,"href":"https:\/\/cmovgr.com\/grvenissieux@gmail.com\/index.php\/wp-json\/wp\/v2\/pages\/38\/revisions\/449"}],"wp:attachment":[{"href":"https:\/\/cmovgr.com\/grvenissieux@gmail.com\/index.php\/wp-json\/wp\/v2\/media?parent=38"}],"curies":[{"name":"wp","href":"https:\/\/api.w.org\/{rel}","templated":true}]}}