{"id":416,"date":"2025-06-23T19:19:08","date_gmt":"2025-06-23T17:19:08","guid":{"rendered":"https:\/\/cmovgr.com\/grvenissieux@gmail.com\/?page_id=416"},"modified":"2025-06-23T19:21:46","modified_gmt":"2025-06-23T17:21:46","slug":"saison-2025-2026-groupes-tarifs-et-inscriptions","status":"publish","type":"page","link":"https:\/\/cmovgr.com\/grvenissieux@gmail.com\/index.php\/saison-2025-2026-groupes-tarifs-et-inscriptions\/","title":{"rendered":"Saison 2025-2026 : groupes, tarifs et inscriptions"},"content":{"rendered":"\n<p>Vous trouverez ci-dessous le planning et les tarifs de nos cours \u00e0 partir de septembre 2025.<\/p>\n\n\n\n<p>Tous les entrainements se d\u00e9roulent au gymnase Alain Colas, 7 avenue Jean Moulin 69200 V\u00e9nissieux (arr\u00eat de bus 39 : gymnase Alain Colas).<\/p>\n\n\n\n<p>Vous trouverez ci-dessous le lien vers le formulaire d\u2019inscription.<\/p>\n\n\n\n<p><a href=\"https:\/\/www.gestgym.com\/public\/inscription\/add\/69-cmovenissieux-gr-LCPkn8yS5cd.html\">https:\/\/www.gestgym.com\/public\/inscription\/add\/69-cmovenissieux-gr-LCPkn8yS5cd.html<\/a><\/p>\n\n\n\n<p>Pour rappel, nous serons pr\u00e9sents pour vous rencontrer :<\/p>\n\n\n\n<ul class=\"wp-block-list\">\n<li>au gymnase lors du gala de fin d\u2019ann\u00e9e le vendredi 27 juin 2025 \u00e0 partir de 18h<\/li>\n\n\n\n<li>lors du forum des associations, salle Ir\u00e8ne Joliot Curie, le 6 septembre 2025 de 10h \u00e0 17h30<\/li>\n\n\n\n<li>au gymnase lors de la derni\u00e8re s\u00e9ance d&rsquo;essai avant la rentr\u00e9e, le mercredi 10 septembre 2025 de 16h \u00e0 18h.<\/li>\n<\/ul>\n\n\n\n<p>En dehors de ces horaires, vous pouvez nous contacter :&nbsp;<a href=\"mailto:grvenissieux@gmail.com\">grvenissieux@gmail.com<\/a><\/p>\n\n\n\n<figure class=\"wp-block-image size-large\"><img loading=\"lazy\" decoding=\"async\" width=\"1024\" height=\"724\" src=\"http:\/\/cmovgr.com\/grvenissieux@gmail.com\/wp-content\/uploads\/2025\/06\/Tarif-CMOV-GR-babys_loisirs-2025-2026-2-1024x724.jpg\" alt=\"tarif Loisirs et babys -2025-2026\" class=\"wp-image-414\" srcset=\"https:\/\/cmovgr.com\/grvenissieux@gmail.com\/wp-content\/uploads\/2025\/06\/Tarif-CMOV-GR-babys_loisirs-2025-2026-2-1024x724.jpg 1024w, https:\/\/cmovgr.com\/grvenissieux@gmail.com\/wp-content\/uploads\/2025\/06\/Tarif-CMOV-GR-babys_loisirs-2025-2026-2-300x212.jpg 300w, https:\/\/cmovgr.com\/grvenissieux@gmail.com\/wp-content\/uploads\/2025\/06\/Tarif-CMOV-GR-babys_loisirs-2025-2026-2-150x106.jpg 150w, https:\/\/cmovgr.com\/grvenissieux@gmail.com\/wp-content\/uploads\/2025\/06\/Tarif-CMOV-GR-babys_loisirs-2025-2026-2-768x543.jpg 768w, https:\/\/cmovgr.com\/grvenissieux@gmail.com\/wp-content\/uploads\/2025\/06\/Tarif-CMOV-GR-babys_loisirs-2025-2026-2-1536x1086.jpg 1536w, https:\/\/cmovgr.com\/grvenissieux@gmail.com\/wp-content\/uploads\/2025\/06\/Tarif-CMOV-GR-babys_loisirs-2025-2026-2-600x424.jpg 600w, https:\/\/cmovgr.com\/grvenissieux@gmail.com\/wp-content\/uploads\/2025\/06\/Tarif-CMOV-GR-babys_loisirs-2025-2026-2.jpg 2000w\" sizes=\"auto, (max-width: 1024px) 100vw, 1024px\" \/><\/figure>\n\n\n\n<figure class=\"wp-block-image size-large\"><img loading=\"lazy\" decoding=\"async\" width=\"1024\" height=\"724\" src=\"http:\/\/cmovgr.com\/grvenissieux@gmail.com\/wp-content\/uploads\/2025\/06\/Tarif-CMOV-GR-competition-2025-2026-1-1024x724.jpg\" alt=\"\" class=\"wp-image-415\" srcset=\"https:\/\/cmovgr.com\/grvenissieux@gmail.com\/wp-content\/uploads\/2025\/06\/Tarif-CMOV-GR-competition-2025-2026-1-1024x724.jpg 1024w, https:\/\/cmovgr.com\/grvenissieux@gmail.com\/wp-content\/uploads\/2025\/06\/Tarif-CMOV-GR-competition-2025-2026-1-300x212.jpg 300w, https:\/\/cmovgr.com\/grvenissieux@gmail.com\/wp-content\/uploads\/2025\/06\/Tarif-CMOV-GR-competition-2025-2026-1-150x106.jpg 150w, https:\/\/cmovgr.com\/grvenissieux@gmail.com\/wp-content\/uploads\/2025\/06\/Tarif-CMOV-GR-competition-2025-2026-1-768x543.jpg 768w, https:\/\/cmovgr.com\/grvenissieux@gmail.com\/wp-content\/uploads\/2025\/06\/Tarif-CMOV-GR-competition-2025-2026-1-1536x1086.jpg 1536w, https:\/\/cmovgr.com\/grvenissieux@gmail.com\/wp-content\/uploads\/2025\/06\/Tarif-CMOV-GR-competition-2025-2026-1-600x424.jpg 600w, https:\/\/cmovgr.com\/grvenissieux@gmail.com\/wp-content\/uploads\/2025\/06\/Tarif-CMOV-GR-competition-2025-2026-1.jpg 2000w\" sizes=\"auto, (max-width: 1024px) 100vw, 1024px\" \/><\/figure>\n","protected":false},"excerpt":{"rendered":"<p>Vous trouverez ci-dessous le planning et les tarifs de nos cours \u00e0 partir de septembre 2025. Tous les entrainements se d\u00e9roulent au gymnase Alain Colas, 7 avenue Jean Moulin 69200 V\u00e9nissieux (arr\u00eat de bus 39 : gymnase Alain Colas). Vous trouverez ci-dessous le lien vers le formulaire d\u2019inscription. https:\/\/www.gestgym.com\/public\/inscription\/add\/69-cmovenissieux-gr-LCPkn8yS5cd.html Pour rappel, nous serons pr\u00e9sents pour &hellip; <\/p>\n<p class=\"link-more\"><a href=\"https:\/\/cmovgr.com\/grvenissieux@gmail.com\/index.php\/saison-2025-2026-groupes-tarifs-et-inscriptions\/\" class=\"more-link\">Lire la suite de<span class=\"screen-reader-text\">\u00ab\u00a0Saison 2025-2026 : groupes, tarifs et inscriptions\u00a0\u00bb<\/span><\/a><\/p>\n","protected":false},"author":1,"featured_media":0,"parent":0,"menu_order":0,"comment_status":"closed","ping_status":"closed","template":"","meta":{"footnotes":""},"class_list":["post-416","page","type-page","status-publish","hentry"],"featured_media_urls":[],"_links":{"self":[{"href":"https:\/\/cmovgr.com\/grvenissieux@gmail.com\/index.php\/wp-json\/wp\/v2\/pages\/416","targetHints":{"allow":["GET"]}}],"collection":[{"href":"https:\/\/cmovgr.com\/grvenissieux@gmail.com\/index.php\/wp-json\/wp\/v2\/pages"}],"about":[{"href":"https:\/\/cmovgr.com\/grvenissieux@gmail.com\/index.php\/wp-json\/wp\/v2\/types\/page"}],"author":[{"embeddable":true,"href":"https:\/\/cmovgr.com\/grvenissieux@gmail.com\/index.php\/wp-json\/wp\/v2\/users\/1"}],"replies":[{"embeddable":true,"href":"https:\/\/cmovgr.com\/grvenissieux@gmail.com\/index.php\/wp-json\/wp\/v2\/comments?post=416"}],"version-history":[{"count":2,"href":"https:\/\/cmovgr.com\/grvenissieux@gmail.com\/index.php\/wp-json\/wp\/v2\/pages\/416\/revisions"}],"predecessor-version":[{"id":419,"href":"https:\/\/cmovgr.com\/grvenissieux@gmail.com\/index.php\/wp-json\/wp\/v2\/pages\/416\/revisions\/419"}],"wp:attachment":[{"href":"https:\/\/cmovgr.com\/grvenissieux@gmail.com\/index.php\/wp-json\/wp\/v2\/media?parent=416"}],"curies":[{"name":"wp","href":"https:\/\/api.w.org\/{rel}","templated":true}]}}